{"id":22,"date":"2021-04-08T18:41:10","date_gmt":"2021-04-08T16:41:10","guid":{"rendered":"https:\/\/janetsworld3.de\/?page_id=22"},"modified":"2026-04-24T12:50:35","modified_gmt":"2026-04-24T10:50:35","slug":"impressum","status":"publish","type":"page","link":"https:\/\/janetsworld3.de\/en\/imprint\/","title":{"rendered":"Legal Notice"},"content":{"rendered":"<!--themify_builder_content-->\n<div id=\"themify_builder_content-22\" data-postid=\"22\" class=\"themify_builder_content themify_builder_content-22 themify_builder tf_clear\">\n                    <div  data-lazy=\"1\" class=\"module_row themify_builder_row tb_yhxx851 tb_first tf_w\">\n                        <div class=\"row_inner col_align_top tb_col_count_1 tf_box tf_rel\">\n                        <div  data-lazy=\"1\" class=\"module_column tb-column col-full tb_i9nn852 first\">\n                    <!-- module text -->\n<div  class=\"module module-text tb_icdh468\" data-lazy=\"1\">\n        <div  class=\"tb_text_wrap\">\n        <h1>Legal Notice<\/h1>\n<p>Lead Media LLC<\/p>\n<p><strong>Address:<\/strong><br>5830 E 2ND ST, STE. 7000 #511<br>CASPER, WY 82609<br>USA<\/p>\n<p><strong>Contact:<\/strong><\/p>\n<p>Email: janet.dannehl1@gmx.de<\/p>\n<h3><strong>Disclaimer:<\/strong><\/h3>\n<p><strong>Liability for content:<\/strong><\/p>\n<p>As a service provider, we are responsible for our own content on these pages in accordance with \u00a7 7 para.1 of the German Telemedia Act (TMG). However, according to \u00a7\u00a7 8 to 10 TMG, we are not obligated as service providers to monitor transmitted or stored third-party information or to investigate circumstances that indicate illegal activity. Obligations to remove or block the use of information under general law remain unaffected. However, liability in this regard is only possible from the moment of knowledge of a specific infringement. Upon becoming aware of corresponding infringements, we will remove this content immediately.<\/p>\n<p><strong>Liability for links:<\/strong><\/p>\n<p>Our offer contains links to external websites of third parties, on whose contents we have no influence. Therefore, we cannot assume any liability for these external contents. The respective provider or operator of the sites is always responsible for the contents of the linked sites. The linked pages were checked for possible legal violations at the time of linking. Illegal contents were not recognizable at the time of linking. However, permanent monitoring of the content of the linked pages is not reasonable without concrete evidence of a violation of the law. If we become aware of any infringements, we will remove such links immediately.<\/p>\n<p><strong>Copyright:<\/strong><\/p>\n<p>The content and works created by the site operators on these pages are subject to German copyright law. The duplication, processing, distribution, and any kind of exploitation beyond the limits of copyright require the written consent of the respective author or creator. Downloads and copies of this page are only permitted for private, non-commercial use. Insofar as the content on this site was not created by the operator, the copyrights of third parties are respected. In particular, third-party content is identified as such. Should you nevertheless become aware of a copyright infringement, please inform us accordingly. If we become aware of any infringements, we will remove such content immediately.<\/p>    <\/div>\n<\/div>\n<!-- \/module text -->        <\/div>\n                        <\/div>\n        <\/div>\n        <\/div>\n<!--\/themify_builder_content-->","protected":false},"excerpt":{"rendered":"<p>Imprint Lead Media LLC Address: 5830 E 2nd St, Ste. 7000 #511 CASPER, WY 82609 USA Contact: Email: janet.dannehl1@gmx.de Disclaimer: LIABILITY FOR CONTENT As a service provider, we are responsible for our own content on these pages in accordance with Section 7 Paragraph 1 of the German Telemedia Act (TMG). However, according to Sections 8 to 10 of the TMG, we are not obligated as a service provider to monitor transmitted or stored third-party information or to investigate circumstances that indicate illegal activity.<\/p>","protected":false},"author":1,"featured_media":0,"parent":0,"menu_order":0,"comment_status":"closed","ping_status":"closed","template":"","meta":{"footnotes":""},"class_list":["post-22","page","type-page","status-publish","hentry","has-post-title","has-post-date","has-post-category","has-post-tag","has-post-comment","has-post-author",""],"jetpack_sharing_enabled":true,"builder_content":"<h1>Impressum<\/h1> <p>Lead Media LLC<\/p> <p><strong>Anschrift:<\/strong><br>5830 E 2ND ST, STE. 7000 #511<br>CASPER, WY 82609<br>USA<\/p> <p><strong>Kontakt:<\/strong><\/p> <p>E-Mail: janet.dannehl1@gmx.de<\/p> <h3><strong>Haftungsausschluss (Disclaimer):<\/strong><\/h3> <p><strong>HAFTUNG F\u00dcR INHALTE<\/strong><\/p> <p>Als Diensteanbieter sind wir gem\u00e4\u00df \u00a7 7 Abs.1 TMG f\u00fcr eigene Inhalte auf diesen Seiten nach den allgemeinen Gesetzen verantwortlich. Nach \u00a7\u00a7 8 bis 10 TMG sind wir als Diensteanbieter jedoch nicht verpflichtet, \u00fcbermittelte oder gespeicherte fremde Informationen zu \u00fcberwachen oder nach Umst\u00e4nden zu forschen, die auf eine rechtswidrige T\u00e4tigkeit hinweisen. Verpflichtungen zur Entfernung oder Sperrung der Nutzung von Informationen nach den allgemeinen Gesetzen bleiben hiervon unber\u00fchrt. Eine diesbez\u00fcgliche Haftung ist jedoch erst ab dem Zeitpunkt der Kenntnis einer konkreten Rechtsverletzung m\u00f6glich. Bei Bekanntwerden von entsprechenden Rechtsverletzungen werden wir diese Inhalte umgehend entfernen.<\/p> <p><strong>HAFTUNG F\u00dcR LINKS<\/strong><\/p> <p>Unser Angebot enth\u00e4lt Links zu externen Webseiten Dritter, auf deren Inhalte wir keinen Einfluss haben. Deshalb k\u00f6nnen wir f\u00fcr diese fremden Inhalte auch keine Gew\u00e4hr \u00fcbernehmen. F\u00fcr die Inhalte der verlinkten Seiten ist stets der jeweilige Anbieter oder Betreiber der Seiten verantwortlich. Die verlinkten Seiten wurden zum Zeitpunkt der Verlinkung auf m\u00f6gliche Rechtsverst\u00f6\u00dfe \u00fcberpr\u00fcft. Rechtswidrige Inhalte waren zum Zeitpunkt der Verlinkung nicht erkennbar. Eine permanente inhaltliche Kontrolle der verlinkten Seiten ist jedoch ohne konkrete Anhaltspunkte einer Rechtsverletzung nicht zumutbar. Bei Bekanntwerden von Rechtsverletzungen werden wir derartige Links umgehend entfernen.<\/p> <p><strong>URHEBERRECHT<\/strong><\/p> <p>Die durch die Seitenbetreiber erstellten Inhalte und Werke auf diesen Seiten unterliegen dem deutschen Urheberrecht. Die Vervielf\u00e4ltigung, Bearbeitung, Verbreitung und jede Art der Verwertung au\u00dferhalb der Grenzen des Urheberrechtes bed\u00fcrfen der schriftlichen Zustimmung des jeweiligen Autors bzw. Erstellers. Downloads und Kopien dieser Seite sind nur f\u00fcr den privaten, nicht kommerziellen Gebrauch gestattet. Soweit die Inhalte auf dieser Seite nicht vom Betreiber erstellt wurden, werden die Urheberrechte Dritter beachtet. Insbesondere werden Inhalte Dritter als solche gekennzeichnet. Sollten Sie trotzdem auf eine Urheberrechtsverletzung aufmerksam werden, bitten wir um einen entsprechenden Hinweis. Bei Bekanntwerden von Rechtsverletzungen werden wir derartige Inhalte umgehend entfernen<\/p>","_links":{"self":[{"href":"https:\/\/janetsworld3.de\/en\/wp-json\/wp\/v2\/pages\/22","targetHints":{"allow":["GET"]}}],"collection":[{"href":"https:\/\/janetsworld3.de\/en\/wp-json\/wp\/v2\/pages"}],"about":[{"href":"https:\/\/janetsworld3.de\/en\/wp-json\/wp\/v2\/types\/page"}],"author":[{"embeddable":true,"href":"https:\/\/janetsworld3.de\/en\/wp-json\/wp\/v2\/users\/1"}],"replies":[{"embeddable":true,"href":"https:\/\/janetsworld3.de\/en\/wp-json\/wp\/v2\/comments?post=22"}],"version-history":[{"count":4,"href":"https:\/\/janetsworld3.de\/en\/wp-json\/wp\/v2\/pages\/22\/revisions"}],"predecessor-version":[{"id":5747,"href":"https:\/\/janetsworld3.de\/en\/wp-json\/wp\/v2\/pages\/22\/revisions\/5747"}],"wp:attachment":[{"href":"https:\/\/janetsworld3.de\/en\/wp-json\/wp\/v2\/media?parent=22"}],"curies":[{"name":"wp","href":"https:\/\/api.w.org\/{rel}","templated":true}]}}